{"id":408,"date":"2021-11-24T16:50:54","date_gmt":"2021-11-24T15:50:54","guid":{"rendered":"https:\/\/issrscotonola.it\/w\/?page_id=408"},"modified":"2021-11-29T19:06:49","modified_gmt":"2021-11-29T18:06:49","slug":"privacy-policy-2","status":"publish","type":"page","link":"https:\/\/issrscotonola.it\/w\/privacy-policy-2\/","title":{"rendered":"Privacy Policy"},"content":{"rendered":"<p style=\"text-align: justify;\">In questa pagina si descrivono le modalit\u00e0 di gestione del trattamento dei dati personali degli utenti che consultano questo sito internet.<\/p>\n<p style=\"text-align: justify;\">L\u2019 informativa \u00e8 resa ai sensi dell\u2019art. 13 del D. Lgs. n. 196 del 30 Giugno 2003 \u2013 \u201cCodice in materia di protezione dei dati personali\u201d \u2013 dalla Pontificia Facolt\u00e0 Teologica dell\u2019Italia Meridionale Istituto Superiore Interdiocesano di<br \/>\nScienze Religiose Nola-Acerra a tutti coloro che interagiscono con i servizi web di questo sito accessibili, per via telematica, a partire dalla pagina iniziale del sito ufficiale che corrisponde all\u2019 indirizzo: https:\/\/issrscotonola.it\/<\/p>\n<p style=\"text-align: justify;\">L\u2019 informativa ha validit\u00e0 per il solo sito internet e non per altri siti web eventualmente consultati dall\u2019utente tramite link di accesso.<\/p>\n<p><strong>LUOGO DI TRATTAMENTO DEI DATI<\/strong><\/p>\n<p style=\"text-align: justify;\">I trattamenti connessi ai servizi web di questo sito hanno luogo presso il provider. Essi sono curati esclusivamente dal personale tecnico dell\u2019Ufficio incaricato al trattamento e da eventuali terzi incaricati di occasionali operazioni di manutenzione.<\/p>\n<p style=\"text-align: justify;\">Nessun dato derivante dal servizio web viene comunicato o diffuso.<\/p>\n<p style=\"text-align: justify;\">I dati personali forniti dagli utenti che inoltrano richieste inviando materiale informativo sono utilizzati al solo fine di eseguire il servizio o la prestazione richiesta e sono comunicati a terzi solo se necessario al raggiungimento dello scopo.<\/p>\n<p><strong>TIPI DI DATI TRATTATI<\/strong><\/p>\n<p style=\"text-align: justify;\">Dati di navigazione<\/p>\n<p style=\"text-align: justify;\">I sistemi informatici e le procedure software preposte al funzionamento di questo sito web acquisiscono, nel corso del loro normale esercizio, alcuni dati personali la cui trasmissione \u00e8 implicita nell\u2019uso dei protocolli di comunicazione Internet.<\/p>\n<p style=\"text-align: justify;\">Si tratta di informazioni che non sono raccolte per essere associate a interessati identificati, ma che per loro stessa natura potrebbero, attraverso elaborazioni ed associazioni con dati detenuti da terzi, permettere di identificare gli utenti.<\/p>\n<p style=\"text-align: justify;\">In questa categoria di dati rientrano gli indirizzi IP o i nomi a dominio dei computer utilizzati dagli utenti che si connettono al sito, gli indirizzi in notazione URI (Uniform Resource Identifier) delle risorse richieste, l\u2019orario della richiesta, il metodo utilizzato nel sottoporre la richiesta al server, la dimensione del file ottenuto in risposta, il codice numerico indicante lo stato della risposta data dal server (buon fine, errore, ecc.) ed altri parametri relativi al sistema operativo e all\u2019ambiente informatico dell\u2019utente.<\/p>\n<p style=\"text-align: justify;\">Questi dati sono utilizzati al solo fine di ricavare informazioni statistiche anonime sull\u2019uso del sito e per controllarne il corretto funzionamento, venendo cancellati immediatamente dopo l\u2019elaborazione. I dati potrebbero essere utilizzati per l\u2019accertamento di responsabilit\u00e0 in caso di ipotetici reati informatici ai danni del sito.<\/p>\n<p style=\"text-align: justify;\">Dati forniti volontariamente dall\u2019utente<\/p>\n<p style=\"text-align: justify;\">L\u2019 invio facoltativo, esplicito e volontario di posta elettronica agli indirizzi indicati su questo sito comporta la successiva acquisizione dell\u2019indirizzo del mittente, necessario per rispondere alle richieste, nonch\u00e9 degli eventuali altri dati personali inseriti nella missiva.<\/p>\n<p style=\"text-align: justify;\">Specifiche informative di sintesi verranno progressivamente riportate o visualizzate nelle pagine del sito predisposte per particolari servizi a richiesta.<\/p>\n<p><strong>COOKIES<\/strong><\/p>\n<p style=\"text-align: justify;\">Nessun dato personale degli utenti viene in proposito acquisito dal sito.<\/p>\n<p style=\"text-align: justify;\">Non viene fatto uso di cookies per la trasmissione di informazioni di carattere personale, n\u00e9 vengono utilizzati c.d. cookies persistenti di alcun tipo, ovvero sistemi per il tracciamento degli utenti.<\/p>\n<p style=\"text-align: justify;\">L\u2019uso di c.d. cookies di sessione (che non vengono memorizzati in modo persistente sul computer dell\u2019utente e svaniscono con la chiusura del browser) \u00e8 strettamente limitato alla trasmissione di identificativi di sessione (costituiti da numeri casuali generati dal server) necessari per consentire l\u2019esplorazione sicura ed efficiente del sito.<\/p>\n<p style=\"text-align: justify;\">I c.d. cookies di sessione utilizzati in questo sito evitano il ricorso ad altre tecniche informatiche potenzialmente pregiudizievoli per la riservatezza della navigazione degli utenti e non consentono l\u2019acquisizione di dati personali identificativi dell\u2019 utente.<\/p>\n<p style=\"text-align: justify;\"><strong>FACOLTATIVIT\u00c0 DEL CONFERIMENTO DEI DATI<\/strong><\/p>\n<p style=\"text-align: justify;\">A parte quanto specificato per i dati di navigazione, l\u2019utente \u00e8 libero di fornire i dati personali riportati negli eventuali moduli di richiesta o comunque indicati in contatti con la redazione per richiedere materiale informativo o altre comunicazioni.<\/p>\n<p style=\"text-align: justify;\">Il loro mancato conferimento pu\u00f2 comportare l\u2019impossibilit\u00e0 ad ottenere quanto richiesto.<\/p>\n<p style=\"text-align: justify;\">Informativa specifica viene rilasciata per l\u2019acquisizione dei dati tramite il Form della sezione \u201cCONTATTI\u201d<\/p>\n<p><strong>MODALIT\u00c0 DEL TRATTAMENTO<\/strong><\/p>\n<p style=\"text-align: justify;\">I dati personali sono trattati con strumenti automatizzati per il tempo strettamente necessario a conseguire gli scopi per cui sono stati raccolti.<\/p>\n<p style=\"text-align: justify;\">Specifiche misure di sicurezza sono osservate per prevenire la perdita dei dati, usi illeciti o non corretti ed accessi non autorizzati.<\/p>\n<p><strong>DIRITTI DEGLI INTERESSATI<\/strong><\/p>\n<p style=\"text-align: justify;\">I soggetti cui si riferiscono i dati personali hanno il diritto in qualunque momento di ottenere la conferma dell\u2019esistenza o meno dei medesimi dati e di conoscerne il contenuto e l\u2019origine, verificarne l\u2019esattezza o chiederne l\u2019integrazione o l\u2019aggiornamento, oppure la rettificazione (art. 7 del d.lgs. n. 196\/2003).<\/p>\n<p style=\"text-align: justify;\">Ai sensi del medesimo articolo si ha il diritto di chiedere la cancellazione, la trasformazione in forma anonima o il blocco dei dati trattati in violazione di legge, nonch\u00e9 di opporsi in ogni caso, per motivi legittimi, al loro trattamento.<\/p>\n<p style=\"text-align: justify;\">Le richieste vanno rivolte a issr@chiesadinola.it<\/p>\n<p style=\"text-align: justify;\">Nuova normativa GDPR n\u00b0 2016\/679<br \/>\nNota informativa ai sensi dell\u2019art. 13 del Regolamento UE 2016\/679 \u2013 art. 13 del D.Lgs 196\/2003 (Codice di protezione dei dati personali)<\/p>\n<p style=\"text-align: justify;\">In applicazione del Regolamento Europeo n. 679 del 2016 e del D.Lgs. n. 196 del 2003 relativi alla protezione dei dati personali Le si comunica che Il Titolare del trattamento dei dati \u00e8 Istituto Superiore Interdiocesano di<br \/>\nScienze Religiose Nola-Acerra, Palazzo del Seminario Vescovile (III piano), Via Della Repubblica 36, 80035 Nola (NA) C.F.92003050631.<\/p>\n<p style=\"text-align: justify;\">I dati personali vengono trattati nel pieno rispetto del Regolamento UE 679\/2016 e del D.Lgs 196\/2003.<\/p>\n<p style=\"text-align: justify;\">I dati forniti da Lei (di seguito definito \u201cl\u2019Interessato\u201d) saranno utilizzati al solo fine di dar seguito alle sue richieste e potranno essere comunicati a terzi solo nel caso in cui ci\u00f2 sia necessario a tal fine, o previo consenso esplicito dell\u2019Interessato.<\/p>\n<p style=\"text-align: justify;\">Il trattamento dei dati avverr\u00e0 da parte di personale incaricato dal Titolare con procedure, strumenti tecnici e informatici idonei a tutelare la riservatezza e la sicurezza dei dati dell\u2019Interessato e consiste nella loro raccolta, registrazione, organizzazione, conservazione, consultazione, elaborazione, modificazione, selezione, estrazione, raffronto, utilizzo, interconnessione, blocco, comunicazione, diffusione, cancellazione, distruzione degli stessi comprese la combinazione di due o pi\u00f9 delle attivit\u00e0 suddette.<\/p>\n<p style=\"text-align: justify;\">I dati saranno conservati per il tempo strettamente necessario a fornire all\u2019Interessato i servizi richiesti e saranno in ogni caso eliminati a seguito di richiesta dell\u2019Interessato, salvi ulteriori obblighi di conservazione previsti dalla legge. I dati dell\u2019Interessato non saranno diffusi.<\/p>\n<p style=\"text-align: justify;\">Nell\u2019ambito della sua attivit\u00e0 e per le finalit\u00e0 sopra indicate il Titolare potr\u00e0 avvalersi di servizi resi da soggetti terzi che operano per conto del Titolare e secondo le sue istruzioni, quali responsabili del trattamento. Si tratta di fornitori, partner commerciali e produttivi, intermediari, consulenti tecnici e medici e altri soggetti analoghi che collaborano con la nostra organizzazione per assolvere gli impegni contrattuali con lei assunti; soggetti che forniscono un servizio strettamente e necessariamente collegato all\u2019attivit\u00e0 del Titolare quali consulenti fiscali, banche, spedizionieri, assicurazioni, enti pubblici e privati, anche relativamente a ispezioni o verifiche; soggetti che possono accedere ai dati in forza di disposizioni di legge.<\/p>\n<p style=\"text-align: justify;\">I dati potranno essere altres\u00ec comunicati a tutti quei soggetti autorizzati per legge alla loro raccolta (es. azienda provinciale per i servizi sanitari, amministrazione finanziaria, ecc.).<\/p>\n<p style=\"text-align: justify;\">L\u2019Interessato potr\u00e0 richiedere un elenco completo e aggiornato dei soggetti nominati responsabili del trattamento rivolgendosi al contatto sotto indicato.<\/p>\n<p style=\"text-align: justify;\">I dati potranno essere trasferiti all\u2019interno della Unione Europea, ove il Titolare o i suoi fornitori e collaboratori abbiano sede o abbiano i propri server. I dati non saranno trasferiti fuori dalla Unione Europea.<\/p>\n\n    <div class=\"xs_social_share_widget xs_share_url after_content \t\tmain_content  wslu-style-1 wslu-share-box-shaped wslu-fill-colored wslu-none wslu-share-horizontal wslu-theme-font-no wslu-main_content\">\n\n\t\t\n        <ul>\n\t\t\t        <\/ul>\n    <\/div> \n","protected":false},"excerpt":{"rendered":"<p>In questa pagina si descrivono le modalit\u00e0 di gestione del trattamento dei dati personali degli utenti che consultano questo sito internet. L\u2019 informativa \u00e8 resa [&hellip;]<\/p>\n","protected":false},"author":1,"featured_media":0,"parent":0,"menu_order":0,"comment_status":"closed","ping_status":"closed","template":"","meta":{"footnotes":""},"class_list":["post-408","page","type-page","status-publish","hentry"],"_links":{"self":[{"href":"https:\/\/issrscotonola.it\/w\/wp-json\/wp\/v2\/pages\/408","targetHints":{"allow":["GET"]}}],"collection":[{"href":"https:\/\/issrscotonola.it\/w\/wp-json\/wp\/v2\/pages"}],"about":[{"href":"https:\/\/issrscotonola.it\/w\/wp-json\/wp\/v2\/types\/page"}],"author":[{"embeddable":true,"href":"https:\/\/issrscotonola.it\/w\/wp-json\/wp\/v2\/users\/1"}],"replies":[{"embeddable":true,"href":"https:\/\/issrscotonola.it\/w\/wp-json\/wp\/v2\/comments?post=408"}],"version-history":[{"count":3,"href":"https:\/\/issrscotonola.it\/w\/wp-json\/wp\/v2\/pages\/408\/revisions"}],"predecessor-version":[{"id":687,"href":"https:\/\/issrscotonola.it\/w\/wp-json\/wp\/v2\/pages\/408\/revisions\/687"}],"wp:attachment":[{"href":"https:\/\/issrscotonola.it\/w\/wp-json\/wp\/v2\/media?parent=408"}],"curies":[{"name":"wp","href":"https:\/\/api.w.org\/{rel}","templated":true}]}}