{"id":201,"date":"2021-11-23T11:43:08","date_gmt":"2021-11-23T10:43:08","guid":{"rendered":"https:\/\/issrscotonola.it\/w\/?page_id=201"},"modified":"2021-12-06T14:03:53","modified_gmt":"2021-12-06T13:03:53","slug":"beato-giovanni-duns-scoto","status":"publish","type":"page","link":"https:\/\/issrscotonola.it\/w\/beato-giovanni-duns-scoto\/","title":{"rendered":"Beato Giovanni Duns Scoto"},"content":{"rendered":"<p>[vc_row][vc_column][vc_column_text]<img loading=\"lazy\" decoding=\"async\" class=\"alignleft wp-image-204 size-full\" src=\"https:\/\/issrscotonola.it\/w\/wp-content\/uploads\/2021\/11\/Beato-Giovanni-Duns-Scoto.jpg\" alt=\"Beato Giovanni Duns Scoto dottore sottile e mariano immagine che si venera nel Duomo di Nola\" width=\"303\" height=\"528\" srcset=\"https:\/\/issrscotonola.it\/w\/wp-content\/uploads\/2021\/11\/Beato-Giovanni-Duns-Scoto.jpg 303w, https:\/\/issrscotonola.it\/w\/wp-content\/uploads\/2021\/11\/Beato-Giovanni-Duns-Scoto-172x300.jpg 172w\" sizes=\"auto, (max-width: 303px) 100vw, 303px\" \/><\/p>\n<p style=\"text-align: justify;\">Il <strong>Beato Giovanni Duns Scoto<\/strong>, il \u201cdoctor subtilis\u201d, nasce a <strong>Duns in Scozia tra il 1265 e il 1266<\/strong>.<br \/>\nEntra nell\u2019Ordine francescano, viene ordinato sacerdote nel 1291. Per l\u2019acutezza dell\u2019ingegno viene inviato a studiare a Parigi e poi a Oxford. Nel 1302, mentre infuriava la politica anti-papale di Filippo il Bello, il Dottore sottile si schier\u00f2 a favore del papa Bonifacio VIII e fu costretto a lasciare Parigi dove insegnava. Tornato a Parigi dopo la burrasca, vi riprese l\u2019insegnamento, destando molto scalpore per la genialit\u00e0 dell\u2019impostazione e, soprattutto, per la sua posizione a favore del dogma dell\u2019Immacolata Concezione, contro grandi Dottori del tempo, assai tiepidi, quando non contrari, verso il dogma. Si tramanda una pubblica disputa in cui Duns Scoto difese l\u2019immacolato Concepimento di Maria riscuotendo grande successo e provocando l\u2019introduzione, nella Comunit\u00e0 Accademica di Parigi, della festa dell\u2019Immacolata.<br \/>\nQuesto, per\u00f2, gli caus\u00f2 parecchi conflitti: fu costretto a lasciare ancora Parigi per Colonia, qui chiamato dal Generale dell\u2019Ordine.<br \/>\nA Colonia trov\u00f2 la morte l\u20198 novembre 1308. Consegna alla Chiesa uno stile di riflessione credente che trova nel motto: \u201cOra et cogita, cogita et ora\u201d, la strada maestra per una fede che non teme il dialogo e il confronto.<br \/>\nIl nostro Istituto, che vorrebbe essere spazio competente e appassionato per l\u2019intelligenza della fede, scorge in lui un pensatore ed un credente cui affidare<br \/>\nla sua fatica e la sua missione.<br \/>\nSiamo nella scia di un\u2019antica tradizione nolana, che muove i primi passi gi\u00e0 nel 1523, data di un pala d\u2019altare in una chiesa di Lauro raffigurante Scoto con l\u2019aureola e il titolo di beato.<br \/>\nI due processi canonici diocesani, del 1709-1711 e del 1905-1906, testimoniano dell\u2019ininterrotta, attenta venerazione della diocesi.<br \/>\nLa scelta di intitolare a lui il nostro Istituto \u00e8 allora conferma e augurio ad un pensiero credente e a una fede pensata che sola pu\u00f2 generare la carit\u00e0 nella verit\u00e0.<\/p>\n<p>[\/vc_column_text][\/vc_column][\/vc_row]<\/p>\n\n    <div class=\"xs_social_share_widget xs_share_url after_content \t\tmain_content  wslu-style-1 wslu-share-box-shaped wslu-fill-colored wslu-none wslu-share-horizontal wslu-theme-font-no wslu-main_content\">\n\n\t\t\n        <ul>\n\t\t\t        <\/ul>\n    <\/div> \n","protected":false},"excerpt":{"rendered":"<p>[vc_row][vc_column][vc_column_text] Il Beato Giovanni Duns Scoto, il \u201cdoctor subtilis\u201d, nasce a Duns in Scozia tra il 1265 e il 1266. Entra nell\u2019Ordine francescano, viene ordinato [&hellip;]<\/p>\n","protected":false},"author":1,"featured_media":717,"parent":0,"menu_order":0,"comment_status":"closed","ping_status":"closed","template":"","meta":{"footnotes":""},"class_list":["post-201","page","type-page","status-publish","has-post-thumbnail","hentry"],"_links":{"self":[{"href":"https:\/\/issrscotonola.it\/w\/wp-json\/wp\/v2\/pages\/201","targetHints":{"allow":["GET"]}}],"collection":[{"href":"https:\/\/issrscotonola.it\/w\/wp-json\/wp\/v2\/pages"}],"about":[{"href":"https:\/\/issrscotonola.it\/w\/wp-json\/wp\/v2\/types\/page"}],"author":[{"embeddable":true,"href":"https:\/\/issrscotonola.it\/w\/wp-json\/wp\/v2\/users\/1"}],"replies":[{"embeddable":true,"href":"https:\/\/issrscotonola.it\/w\/wp-json\/wp\/v2\/comments?post=201"}],"version-history":[{"count":7,"href":"https:\/\/issrscotonola.it\/w\/wp-json\/wp\/v2\/pages\/201\/revisions"}],"predecessor-version":[{"id":594,"href":"https:\/\/issrscotonola.it\/w\/wp-json\/wp\/v2\/pages\/201\/revisions\/594"}],"wp:featuredmedia":[{"embeddable":true,"href":"https:\/\/issrscotonola.it\/w\/wp-json\/wp\/v2\/media\/717"}],"wp:attachment":[{"href":"https:\/\/issrscotonola.it\/w\/wp-json\/wp\/v2\/media?parent=201"}],"curies":[{"name":"wp","href":"https:\/\/api.w.org\/{rel}","templated":true}]}}